{"id":196,"date":"2019-07-01T03:48:23","date_gmt":"2019-07-01T03:48:23","guid":{"rendered":"http:\/\/www.empresaelectrica.com.mo?page_id=196"},"modified":"2021-07-24T11:44:04","modified_gmt":"2021-07-24T03:44:04","slug":"clients","status":"publish","type":"page","link":"http:\/\/www.empresaelectrica.com.mo\/en\/clients\/","title":{"rendered":"Clients"},"content":{"rendered":"<p><\/p>\n<h3 class=\"wp-block-heading\">Public Clients &amp; Utilities<\/h3>\n<p><\/p>\n<p><\/p>\n<ul class=\"wp-block-list\">\n<li><strong>CEM<\/strong> &#8211; Companhia de Electricidade de Macau<\/li>\n<li><strong>CTM<\/strong> &#8211; Companhia de Telecomunica\u00e7\u00f5es de Macau<\/li>\n<li><strong>GIT <\/strong>&#8211; Gabinete para as Infra-estruturas de Transportes<\/li>\n<li><strong>DSPA<\/strong> &#8211; Direc\u00e7\u00e3o dos Servi\u00e7os de Protec\u00e7\u00e3o do Ambiente<\/li>\n<li><strong>DSSOPT<\/strong> &#8211; Direc\u00e7\u00e3o de Servi\u00e7os de Obras P\u00fablicas e Transportes<\/li>\n<li><strong>GDI<\/strong> &#8211; Gabinete para o Desenvolvimento de Infraestruturas<\/li>\n<li><strong>IAM<\/strong> &#8211; Instituto dos Assuntos C\u00edvicos e Municipais<\/li>\n<li><strong>IDM <\/strong>&#8211; Instituto do Desporto do Governo da Regi\u00e3o Administrativa Especial de Macau<\/li>\n<li><strong>SSM<\/strong> &#8211; Servi\u00e7os de Sa\u00fade de Macau<\/li>\n<\/ul>\n<p><\/p>\n<p><\/p>\n<h3 class=\"wp-block-heading\">Private Clients<\/h3>\n<p><\/p>\n<p><\/p>\n<ul class=\"wp-block-list\">\n<li><strong>CAM <\/strong>&#8211; Macau International Airport<\/li>\n<li><strong>Concorde &#8211; LRT<\/strong><\/li>\n<li><strong>CCECC &#8211; <\/strong>China Civil Engineering Construction Company<\/li>\n<li><strong>COD<\/strong> &#8211; City of Dreams<\/li>\n<li><strong>CRBC<\/strong> &#8211; China Road and Bridge Corporation<\/li>\n<li><strong>E&amp;E <\/strong>&#8211; Empresa de Instala\u00e7\u00f5es e Engenharia, Lda<\/li>\n<li><strong>Funda\u00e7\u00e3o Oriente<\/strong> &#8211; Delega\u00e7\u00e3o Macau<\/li>\n<li><strong>Companhia de Fomento Predial Sam Yau, LDA<\/strong><\/li>\n<li><strong>Great Wall Property Management Services, Ltd<\/strong><\/li>\n<li><strong>J&amp;T Construction Co, Ltd<\/strong><\/li>\n<li><strong>Kin Sun Macau (Bilvinger Berger Group)<\/strong><\/li>\n<li><strong>MFW-Macau Fisherman&#8217;s Wharf<\/strong><\/li>\n<li><strong>MHI (Mitsubishi Heavy Industries)\u00a0<br \/><\/strong><\/li>\n<li><strong>Venetian Macau Limited<\/strong><\/li>\n<li><strong>Sands Macau<\/strong><\/li>\n<li><strong>Wynn Macau &amp; Wynn Palace<\/strong><\/li>\n<li><strong>Galaxy Macau<\/strong><\/li>\n<\/ul>\n<p><\/p>\n<p><\/p>\n<p><\/p>\n<p><\/p>\n<p><\/p>\n<p><\/p>\n<p><\/p>\n<p><\/p>\n<p><\/p>\n<p><\/p>\n<p><strong>\u00a0<\/strong><\/p>\n<p><\/p>","protected":false},"excerpt":{"rendered":"<p>Public Clients &amp; Utilities CEM &#8211; Companhia de Electricidade de Macau CTM &#8211; Companhia de Telecomunica\u00e7\u00f5es de Macau GIT &#8211; Gabinete para as Infra-estruturas de Transportes DSPA &#8211; Direc\u00e7\u00e3o dos Servi\u00e7os de Protec\u00e7\u00e3o do Ambiente DSSOPT &#8211; Direc\u00e7\u00e3o de Servi\u00e7os de Obras P\u00fablicas e Transportes GDI &#8211; Gabinete para o Desenvolvimento de Infraestruturas IAM &#8211;<br \/><a class=\"moretag\" href=\"http:\/\/www.empresaelectrica.com.mo\/en\/clients\/\">+ Read More<\/a><\/p>\n","protected":false},"author":1,"featured_media":0,"parent":0,"menu_order":0,"comment_status":"closed","ping_status":"closed","template":"templates\/page-fullwidth_template.php","meta":{"footnotes":""},"class_list":["post-196","page","type-page","status-publish","hentry"],"_links":{"self":[{"href":"http:\/\/www.empresaelectrica.com.mo\/en\/wp-json\/wp\/v2\/pages\/196","targetHints":{"allow":["GET"]}}],"collection":[{"href":"http:\/\/www.empresaelectrica.com.mo\/en\/wp-json\/wp\/v2\/pages"}],"about":[{"href":"http:\/\/www.empresaelectrica.com.mo\/en\/wp-json\/wp\/v2\/types\/page"}],"author":[{"embeddable":true,"href":"http:\/\/www.empresaelectrica.com.mo\/en\/wp-json\/wp\/v2\/users\/1"}],"replies":[{"embeddable":true,"href":"http:\/\/www.empresaelectrica.com.mo\/en\/wp-json\/wp\/v2\/comments?post=196"}],"version-history":[{"count":13,"href":"http:\/\/www.empresaelectrica.com.mo\/en\/wp-json\/wp\/v2\/pages\/196\/revisions"}],"predecessor-version":[{"id":616,"href":"http:\/\/www.empresaelectrica.com.mo\/en\/wp-json\/wp\/v2\/pages\/196\/revisions\/616"}],"wp:attachment":[{"href":"http:\/\/www.empresaelectrica.com.mo\/en\/wp-json\/wp\/v2\/media?parent=196"}],"curies":[{"name":"wp","href":"https:\/\/api.w.org\/{rel}","templated":true}]}}